{"id":8,"date":"2021-08-14T12:01:55","date_gmt":"2021-08-14T10:01:55","guid":{"rendered":"http:\/\/www.chambres-hote-aveyron.com\/?page_id=8"},"modified":"2021-08-14T16:47:22","modified_gmt":"2021-08-14T14:47:22","slug":"contact","status":"publish","type":"page","link":"https:\/\/www.chambres-hote-aveyron.com\/index.php\/contact\/","title":{"rendered":"Contact"},"content":{"rendered":"\n<p>Pour r\u00e9server une ou plusieurs de nos chambres d&rsquo;h\u00f4tes, merci de compl\u00e9ter le formulaire ci-dessous : <\/p>\n\n\n\n<div class=\"wpcf7 no-js\" id=\"wpcf7-f36-o1\" lang=\"fr-FR\" dir=\"ltr\">\n<div class=\"screen-reader-response\"><p role=\"status\" aria-live=\"polite\" aria-atomic=\"true\"><\/p> <ul><\/ul><\/div>\n<form action=\"\/index.php\/wp-json\/wp\/v2\/pages\/8#wpcf7-f36-o1\" method=\"post\" class=\"wpcf7-form init\" aria-label=\"Formulaire de contact\" novalidate=\"novalidate\" data-status=\"init\">\n<div style=\"display: none;\">\n<input type=\"hidden\" name=\"_wpcf7\" value=\"36\" \/>\n<input type=\"hidden\" name=\"_wpcf7_version\" value=\"5.9.8\" \/>\n<input type=\"hidden\" name=\"_wpcf7_locale\" value=\"fr_FR\" \/>\n<input type=\"hidden\" name=\"_wpcf7_unit_tag\" value=\"wpcf7-f36-o1\" \/>\n<input type=\"hidden\" name=\"_wpcf7_container_post\" value=\"0\" \/>\n<input type=\"hidden\" name=\"_wpcf7_posted_data_hash\" value=\"\" \/>\n<input type=\"hidden\" name=\"_cf7a__timestamp\" value=\"WIyIx09jqlaSbu7EX8N5\/g==\" \/>\n<input type=\"hidden\" name=\"_cf7a_version\" value=\"1.0\" \/>\n<input type=\"hidden\" name=\"_cf7a_address\" value=\"KmsL\/Gs+lI5FJwhdbFXh5w==\" \/>\n<input type=\"hidden\" name=\"_cf7a_referer\" value=\"7uMP6cdDhVbpWUnnzKQLCQ==\" \/>\n<input type=\"hidden\" name=\"_cf7a_protocol\" value=\"+E3cj3CU9DHNxdmaQBSBAw==\" \/>\n<input type=\"hidden\" name=\"_cf7a_bot_fingerprint\" value=\"WIyIx09jqlaSbu7EX8N5\/g==\" \/>\n<input type=\"hidden\" name=\"_cf7a_bot_fingerprint_extras\" value=\"\" \/>\n<input type=\"hidden\" name=\"_cf7a_append_on_submit\" value=\"\" \/>\n<\/div>\n<p><label> Votre nom<br \/>\n<span class=\"wpcf7-form-control-wrap\" data-name=\"your-name\"><input type=\"text\" name=\"name\" value=\"\" autocomplete=\"fill\" class=\"fit-the-fullspace\" tabindex=\"-1\" \/><input size=\"40\" maxlength=\"400\" class=\"wpcf7-form-control wpcf7-text wpcf7-validates-as-required\" aria-required=\"true\" aria-invalid=\"false\" value=\"\" type=\"text\" name=\"your-name\" \/><\/span> <\/label>\n<\/p>\n<p><label> Votre e-mail<br \/>\n<span class=\"wpcf7-form-control-wrap\" data-name=\"your-email\"><input size=\"40\" maxlength=\"400\" class=\"wpcf7-form-control wpcf7-email wpcf7-validates-as-required wpcf7-text wpcf7-validates-as-email\" aria-required=\"true\" aria-invalid=\"false\" value=\"\" type=\"email\" name=\"your-email\" \/><\/span> <\/label>\n<\/p>\n<p><label> S\u00e9lectionner la\/les chambre(s) :<br \/>\n<span class=\"wpcf7-form-control-wrap\" data-name=\"menu-190\"><select class=\"wpcf7-form-control wpcf7-select\" aria-invalid=\"false\" multiple=\"multiple\" name=\"menu-190[]\"><option value=\"\">&#8212;Veuillez choisir une option&#8212;<\/option><option value=\"Chambre Dune\">Chambre Dune<\/option><option value=\"Chambre Bois flott\u00e9\">Chambre Bois flott\u00e9<\/option><\/select><\/span><\/label>\n<\/p>\n<p><label> Date d'arriv\u00e9e<br \/>\n<span class=\"wpcf7-form-control-wrap\" data-name=\"date-250\"><input class=\"wpcf7-form-control wpcf7-date wpcf7-validates-as-date\" aria-invalid=\"false\" value=\"\" type=\"date\" name=\"date-250\" \/><\/span><\/label>\n<\/p>\n<p><label> Date de d\u00e9part<br \/>\n<span class=\"wpcf7-form-control-wrap\" data-name=\"date-250\"><input class=\"wpcf7-form-control wpcf7-date wpcf7-validates-as-date\" aria-invalid=\"false\" value=\"\" type=\"date\" name=\"date-250\" \/><\/span><\/label>\n<\/p>\n<p><label> Objet<br \/>\n<span class=\"wpcf7-form-control-wrap\" data-name=\"your-subject\"><input type=\"text\" name=\"town\" value=\"\" autocomplete=\"fill\" class=\"fit-the-fullspace\" tabindex=\"-1\" \/><input size=\"40\" maxlength=\"400\" class=\"wpcf7-form-control wpcf7-text wpcf7-validates-as-required\" aria-required=\"true\" aria-invalid=\"false\" value=\"\" type=\"text\" name=\"your-subject\" \/><\/span> <\/label>\n<\/p>\n<p><label> Votre message (facultatif)<br \/>\n<span class=\"wpcf7-form-control-wrap\" data-name=\"your-message\"><textarea cols=\"40\" rows=\"10\" maxlength=\"2000\" class=\"wpcf7-form-control wpcf7-textarea\" aria-invalid=\"false\" name=\"your-message\"><\/textarea><\/span><br \/>\n<\/label>\n<\/p>\n<p><span id=\"Validation\" class=\"wpcf7-form-control-wrap email-403-wrap\" style=\"display:none !important; visibility:hidden !important;\"><label for=\"wpcf7-69df3ee9c8517-field\" class=\"hp-message\">Veuillez laisser ce champ vide.<\/label><input id=\"wpcf7-69df3ee9c8517-field\"  class=\"wpcf7-form-control wpcf7-text\" type=\"text\" name=\"email-403\" value=\"\" size=\"40\" tabindex=\"-1\" autocomplete=\"off\" \/><input type=\"text\" name=\"phone\" value=\"\" autocomplete=\"fill\" class=\"fit-the-fullspace\" tabindex=\"-1\" \/><\/span>\n<\/p>\n<p><input class=\"wpcf7-form-control wpcf7-submit has-spinner\" type=\"submit\" value=\"Envoyer\" \/>\n<\/p><p style=\"display: none !important;\" class=\"akismet-fields-container\" data-prefix=\"_wpcf7_ak_\"><label>&#916;<textarea name=\"_wpcf7_ak_hp_textarea\" cols=\"45\" rows=\"8\" maxlength=\"100\"><\/textarea><\/label><input type=\"hidden\" id=\"ak_js_1\" name=\"_wpcf7_ak_js\" value=\"48\"\/><script>document.getElementById( \"ak_js_1\" ).setAttribute( \"value\", ( new Date() ).getTime() );<\/script><\/p><div class=\"wpcf7-response-output\" aria-hidden=\"true\"><\/div>\n<\/form>\n<\/div>\n\n\n\n\n<p>.<\/p>\n","protected":false},"excerpt":{"rendered":"<p>Pour r\u00e9server une ou plusieurs de nos chambres d&rsquo;h\u00f4tes, merci de compl\u00e9ter le formulaire ci-dessous : .<\/p>\n","protected":false},"author":1,"featured_media":0,"parent":0,"menu_order":0,"comment_status":"closed","ping_status":"closed","template":"","meta":{"footnotes":""},"yoast_head":"<!-- This site is optimized with the Yoast SEO plugin v22.6 - https:\/\/yoast.com\/wordpress\/plugins\/seo\/ -->\n<title>Contact - Chez Vi<\/title>\n<meta name=\"description\" content=\"Chambres d&#039;h\u00f4tes dans l&#039;Aveyron, situ\u00e9 \u00e0 10 minutes de Rodez et de l&#039;a\u00e9roport.\" \/>\n<meta name=\"robots\" content=\"index, follow, max-snippet:-1, max-image-preview:large, max-video-preview:-1\" \/>\n<link rel=\"canonical\" href=\"http:\/\/www.chambres-hote-aveyron.com\/index.php\/contact\/\" \/>\n<meta property=\"og:locale\" content=\"fr_FR\" \/>\n<meta property=\"og:type\" content=\"article\" \/>\n<meta property=\"og:title\" content=\"Contact - Chez Vi\" \/>\n<meta property=\"og:description\" content=\"Chambres d&#039;h\u00f4tes dans l&#039;Aveyron, situ\u00e9 \u00e0 10 minutes de Rodez et de l&#039;a\u00e9roport.\" \/>\n<meta property=\"og:url\" content=\"http:\/\/www.chambres-hote-aveyron.com\/index.php\/contact\/\" \/>\n<meta property=\"og:site_name\" content=\"Chez Vi\" \/>\n<meta property=\"article:publisher\" content=\"https:\/\/www.facebook.com\/chez.vi.chambres.hotes.aveyron\" \/>\n<meta property=\"article:modified_time\" content=\"2021-08-14T14:47:22+00:00\" \/>\n<meta property=\"og:image\" content=\"https:\/\/www.chambres-hote-aveyron.com\/wp-content\/uploads\/2021\/08\/IMG_1468-2.jpg\" \/>\n\t<meta property=\"og:image:width\" content=\"960\" \/>\n\t<meta property=\"og:image:height\" content=\"720\" \/>\n\t<meta property=\"og:image:type\" content=\"image\/jpeg\" \/>\n<meta name=\"twitter:card\" content=\"summary_large_image\" \/>\n<script type=\"application\/ld+json\" class=\"yoast-schema-graph\">{\"@context\":\"https:\/\/schema.org\",\"@graph\":[{\"@type\":\"WebPage\",\"@id\":\"http:\/\/www.chambres-hote-aveyron.com\/index.php\/contact\/\",\"url\":\"http:\/\/www.chambres-hote-aveyron.com\/index.php\/contact\/\",\"name\":\"Contact - Chez Vi\",\"isPartOf\":{\"@id\":\"http:\/\/www.chambres-hote-aveyron.com\/#website\"},\"datePublished\":\"2021-08-14T10:01:55+00:00\",\"dateModified\":\"2021-08-14T14:47:22+00:00\",\"description\":\"Chambres d'h\u00f4tes dans l'Aveyron, situ\u00e9 \u00e0 10 minutes de Rodez et de l'a\u00e9roport.\",\"breadcrumb\":{\"@id\":\"http:\/\/www.chambres-hote-aveyron.com\/index.php\/contact\/#breadcrumb\"},\"inLanguage\":\"fr-FR\",\"potentialAction\":[{\"@type\":\"ReadAction\",\"target\":[\"http:\/\/www.chambres-hote-aveyron.com\/index.php\/contact\/\"]}]},{\"@type\":\"BreadcrumbList\",\"@id\":\"http:\/\/www.chambres-hote-aveyron.com\/index.php\/contact\/#breadcrumb\",\"itemListElement\":[{\"@type\":\"ListItem\",\"position\":1,\"name\":\"Accueil\",\"item\":\"http:\/\/www.chambres-hote-aveyron.com\/\"},{\"@type\":\"ListItem\",\"position\":2,\"name\":\"Contact\"}]},{\"@type\":\"WebSite\",\"@id\":\"http:\/\/www.chambres-hote-aveyron.com\/#website\",\"url\":\"http:\/\/www.chambres-hote-aveyron.com\/\",\"name\":\"Chez Vi - Chambres d'h\u00f4tes dans l'Aveyron\",\"description\":\"Chambres d&#039;h\u00f4tes dans l&#039;Aveyron\",\"publisher\":{\"@id\":\"http:\/\/www.chambres-hote-aveyron.com\/#organization\"},\"potentialAction\":[{\"@type\":\"SearchAction\",\"target\":{\"@type\":\"EntryPoint\",\"urlTemplate\":\"http:\/\/www.chambres-hote-aveyron.com\/?s={search_term_string}\"},\"query-input\":\"required name=search_term_string\"}],\"inLanguage\":\"fr-FR\"},{\"@type\":\"Organization\",\"@id\":\"http:\/\/www.chambres-hote-aveyron.com\/#organization\",\"name\":\"Chez Vi - Chambres d'h\u00f4tes dans l'Aveyron\",\"url\":\"http:\/\/www.chambres-hote-aveyron.com\/\",\"logo\":{\"@type\":\"ImageObject\",\"inLanguage\":\"fr-FR\",\"@id\":\"http:\/\/www.chambres-hote-aveyron.com\/#\/schema\/logo\/image\/\",\"url\":\"https:\/\/www.chambres-hote-aveyron.com\/wp-content\/uploads\/2021\/08\/cropped-cropped-logo1.png\",\"contentUrl\":\"https:\/\/www.chambres-hote-aveyron.com\/wp-content\/uploads\/2021\/08\/cropped-cropped-logo1.png\",\"width\":512,\"height\":512,\"caption\":\"Chez Vi - Chambres d'h\u00f4tes dans l'Aveyron\"},\"image\":{\"@id\":\"http:\/\/www.chambres-hote-aveyron.com\/#\/schema\/logo\/image\/\"},\"sameAs\":[\"https:\/\/www.facebook.com\/chez.vi.chambres.hotes.aveyron\",\"https:\/\/www.instagram.com\/chambres_hote_aveyron\/\"]}]}<\/script>\n<!-- \/ Yoast SEO plugin. -->","yoast_head_json":{"title":"Contact - Chez Vi","description":"Chambres d'h\u00f4tes dans l'Aveyron, situ\u00e9 \u00e0 10 minutes de Rodez et de l'a\u00e9roport.","robots":{"index":"index","follow":"follow","max-snippet":"max-snippet:-1","max-image-preview":"max-image-preview:large","max-video-preview":"max-video-preview:-1"},"canonical":"http:\/\/www.chambres-hote-aveyron.com\/index.php\/contact\/","og_locale":"fr_FR","og_type":"article","og_title":"Contact - Chez Vi","og_description":"Chambres d'h\u00f4tes dans l'Aveyron, situ\u00e9 \u00e0 10 minutes de Rodez et de l'a\u00e9roport.","og_url":"http:\/\/www.chambres-hote-aveyron.com\/index.php\/contact\/","og_site_name":"Chez Vi","article_publisher":"https:\/\/www.facebook.com\/chez.vi.chambres.hotes.aveyron","article_modified_time":"2021-08-14T14:47:22+00:00","og_image":[{"width":960,"height":720,"url":"https:\/\/www.chambres-hote-aveyron.com\/wp-content\/uploads\/2021\/08\/IMG_1468-2.jpg","type":"image\/jpeg"}],"twitter_card":"summary_large_image","schema":{"@context":"https:\/\/schema.org","@graph":[{"@type":"WebPage","@id":"http:\/\/www.chambres-hote-aveyron.com\/index.php\/contact\/","url":"http:\/\/www.chambres-hote-aveyron.com\/index.php\/contact\/","name":"Contact - Chez Vi","isPartOf":{"@id":"http:\/\/www.chambres-hote-aveyron.com\/#website"},"datePublished":"2021-08-14T10:01:55+00:00","dateModified":"2021-08-14T14:47:22+00:00","description":"Chambres d'h\u00f4tes dans l'Aveyron, situ\u00e9 \u00e0 10 minutes de Rodez et de l'a\u00e9roport.","breadcrumb":{"@id":"http:\/\/www.chambres-hote-aveyron.com\/index.php\/contact\/#breadcrumb"},"inLanguage":"fr-FR","potentialAction":[{"@type":"ReadAction","target":["http:\/\/www.chambres-hote-aveyron.com\/index.php\/contact\/"]}]},{"@type":"BreadcrumbList","@id":"http:\/\/www.chambres-hote-aveyron.com\/index.php\/contact\/#breadcrumb","itemListElement":[{"@type":"ListItem","position":1,"name":"Accueil","item":"http:\/\/www.chambres-hote-aveyron.com\/"},{"@type":"ListItem","position":2,"name":"Contact"}]},{"@type":"WebSite","@id":"http:\/\/www.chambres-hote-aveyron.com\/#website","url":"http:\/\/www.chambres-hote-aveyron.com\/","name":"Chez Vi - Chambres d'h\u00f4tes dans l'Aveyron","description":"Chambres d&#039;h\u00f4tes dans l&#039;Aveyron","publisher":{"@id":"http:\/\/www.chambres-hote-aveyron.com\/#organization"},"potentialAction":[{"@type":"SearchAction","target":{"@type":"EntryPoint","urlTemplate":"http:\/\/www.chambres-hote-aveyron.com\/?s={search_term_string}"},"query-input":"required name=search_term_string"}],"inLanguage":"fr-FR"},{"@type":"Organization","@id":"http:\/\/www.chambres-hote-aveyron.com\/#organization","name":"Chez Vi - Chambres d'h\u00f4tes dans l'Aveyron","url":"http:\/\/www.chambres-hote-aveyron.com\/","logo":{"@type":"ImageObject","inLanguage":"fr-FR","@id":"http:\/\/www.chambres-hote-aveyron.com\/#\/schema\/logo\/image\/","url":"https:\/\/www.chambres-hote-aveyron.com\/wp-content\/uploads\/2021\/08\/cropped-cropped-logo1.png","contentUrl":"https:\/\/www.chambres-hote-aveyron.com\/wp-content\/uploads\/2021\/08\/cropped-cropped-logo1.png","width":512,"height":512,"caption":"Chez Vi - Chambres d'h\u00f4tes dans l'Aveyron"},"image":{"@id":"http:\/\/www.chambres-hote-aveyron.com\/#\/schema\/logo\/image\/"},"sameAs":["https:\/\/www.facebook.com\/chez.vi.chambres.hotes.aveyron","https:\/\/www.instagram.com\/chambres_hote_aveyron\/"]}]}},"_links":{"self":[{"href":"https:\/\/www.chambres-hote-aveyron.com\/index.php\/wp-json\/wp\/v2\/pages\/8"}],"collection":[{"href":"https:\/\/www.chambres-hote-aveyron.com\/index.php\/wp-json\/wp\/v2\/pages"}],"about":[{"href":"https:\/\/www.chambres-hote-aveyron.com\/index.php\/wp-json\/wp\/v2\/types\/page"}],"author":[{"embeddable":true,"href":"https:\/\/www.chambres-hote-aveyron.com\/index.php\/wp-json\/wp\/v2\/users\/1"}],"replies":[{"embeddable":true,"href":"https:\/\/www.chambres-hote-aveyron.com\/index.php\/wp-json\/wp\/v2\/comments?post=8"}],"version-history":[{"count":6,"href":"https:\/\/www.chambres-hote-aveyron.com\/index.php\/wp-json\/wp\/v2\/pages\/8\/revisions"}],"predecessor-version":[{"id":98,"href":"https:\/\/www.chambres-hote-aveyron.com\/index.php\/wp-json\/wp\/v2\/pages\/8\/revisions\/98"}],"wp:attachment":[{"href":"https:\/\/www.chambres-hote-aveyron.com\/index.php\/wp-json\/wp\/v2\/media?parent=8"}],"curies":[{"name":"wp","href":"https:\/\/api.w.org\/{rel}","templated":true}]}}